{"id":126,"date":"2025-07-02T11:19:45","date_gmt":"2025-07-02T09:19:45","guid":{"rendered":"https:\/\/www.lsv-suedtondern.de\/?page_id=126"},"modified":"2025-07-02T16:18:32","modified_gmt":"2025-07-02T14:18:32","slug":"aktuelles","status":"publish","type":"page","link":"https:\/\/www.lsv-suedtondern.de\/?page_id=126","title":{"rendered":""},"content":{"rendered":"\n<p><\/p>\n\n\n\n<p><\/p>\n\n\n\n<h2 class=\"wp-block-heading\"><strong>Ja! &#8211; Pilot sein f\u00fcr einen Tag &#8211; <\/strong><\/h2>\n\n\n\n<p class=\"has-x-large-font-size\"><strong>am 12. Juli 2025<\/strong><\/p>\n\n\n\n<figure class=\"wp-block-image size-large\"><img decoding=\"async\" src=\"https:\/\/flugplatz-aventoft.de\/wp-content\/uploads\/2025\/02\/Flyer-12.07.2025-1024x681.jpg\" alt=\"\" class=\"wp-image-1475\"\/><\/figure>\n\n\n\n<p>Segelflugpilot f\u00fcr einen Tag &#8211; unverbindlich und ohne Mitgliedschaft! Kosten 60,00 \u20ac Erwachsene \/ 40,00 \u20ac Jugendliche, inclusive Vorstellung des gesamten Flugzeugparks, Einweisung in den Segelflug und drei Segelflugstarts mit erfahrenem Fluglehrer.<\/p>\n\n\n\n<p>Am 12. Juli 2025 auf dem Flugplatz in Aventoft, Westerunterland 20. Ab 10 Uhr geht es los.<\/p>\n\n\n\n<p>Anmeldungen <strong>Tel. 0176 5503 7216<\/strong> oder WhatsApp <strong><a href=\"https:\/\/wa.me\/4917655037216\">https:\/\/wa.me\/4917655037216<\/a><\/strong><\/p>\n\n\n\n<div style=\"height:100px\" aria-hidden=\"true\" class=\"wp-block-spacer\"><\/div>\n\n\n<\/p>\n\n\n<h2 class=\"wp-block-heading\"><strong>Schnupperwochen 2025 &#8211; Ist Segelfliegen das Richtige f\u00fcr mich?<\/strong><\/h2>\n\n\n\n<figure class=\"wp-block-image size-large\"><img decoding=\"async\" src=\"https:\/\/flugplatz-aventoft.de\/wp-content\/uploads\/2025\/02\/Flugwochen-2025-1024x726.jpg\" alt=\"\" class=\"wp-image-1476\"\/><\/figure>\n\n\n\n<p>Am Sonnabend, dem 26. Juli geht es los, bis zum 10. August wollen wir t\u00e4glich fliegen. Wer das sch\u00f6nst Hobby der Welt einmal unverbindlich bei uns kennenlernen m\u00f6chte, hat hier Gelegenheit, auf unserem Flugplatz in Aventoft mitzumachen. Die Kosten betragen 75,00 \u20ac f\u00fcr eine Woche oder 150,00 \u20ac f\u00fcr alle zwei Wochen. Wer sich dann entscheidet, in unseren Verein einzutreten, l\u00e4\u00dft sich diese Kosten auf die Mitgliedsgeb\u00fchren anrechnen. Im Preis enthalten sind alle Segelfl\u00fcge mit Windenstart. Morgens wird gemeinsam gefr\u00fchst\u00fcckt, und auch abends wird Gemeinschaftsessen angeboten. Danach finden wir uns auf der Terrasse ein, trinken ein Flens oder eine sch\u00f6ne Flasche Wein und lassen den Tag Revue passieren. \u00dcbernachten k\u00f6nnt Ihr auf dem Flugplatz im Zelt, Wohnwagen oder Wohnmobil. <\/p>\n\n\n\n<p>Es bestehen F\u00f6rderm\u00f6glichkeiten f\u00fcr Jugendliche in Familien mit Einkommen aus<br>\uf0b7 Leistungen nach dem Sozialgesetzbuch (SGB) II oder XII,<br>\uf0b7 Leistungen nach dem Asylbewerberleistungsgesetz (AsylblG),<br>\uf0b7 Wohngeld oder<br>\uf0b7 Kinderzuschlag nach dem Bundeskindergeldgesetz erhalten sowie<br>\uf0b7 Familien mit einem Netto-Einkommen unter der Einkommensgrenze von 180 % der aktuellen Sozialhilferegels\u00e4tze.<\/p>\n\n\n\n<p>Weitere Informationen und Anmeldungen <strong>Tel. 0176 5503 7216<\/strong> oder WhatsApp <strong><a href=\"https:\/\/wa.me\/4917655037216\">https:\/\/wa.me\/4917655037216<\/a><\/strong><\/p>\n","protected":false},"excerpt":{"rendered":"<p>Ja! &#8211; Pilot sein f\u00fcr einen Tag &#8211; am 12. Juli 2025 Segelflugpilot f\u00fcr einen Tag &#8211; unverbindlich und ohne Mitgliedschaft! Kosten 60,00 \u20ac Erwachsene \/ 40,00 \u20ac Jugendliche, inclusive Vorstellung des gesamten Flugzeugparks, Einweisung in den Segelflug und drei Segelflugstarts mit erfahrenem Fluglehrer. Am 12. Juli 2025 auf dem Flugplatz in Aventoft, Westerunterland 20. [&hellip;]<\/p>\n","protected":false},"author":1,"featured_media":0,"parent":0,"menu_order":0,"comment_status":"closed","ping_status":"closed","template":"","meta":{"footnotes":""},"class_list":["post-126","page","type-page","status-publish","hentry"],"_links":{"self":[{"href":"https:\/\/www.lsv-suedtondern.de\/index.php?rest_route=\/wp\/v2\/pages\/126","targetHints":{"allow":["GET"]}}],"collection":[{"href":"https:\/\/www.lsv-suedtondern.de\/index.php?rest_route=\/wp\/v2\/pages"}],"about":[{"href":"https:\/\/www.lsv-suedtondern.de\/index.php?rest_route=\/wp\/v2\/types\/page"}],"author":[{"embeddable":true,"href":"https:\/\/www.lsv-suedtondern.de\/index.php?rest_route=\/wp\/v2\/users\/1"}],"replies":[{"embeddable":true,"href":"https:\/\/www.lsv-suedtondern.de\/index.php?rest_route=%2Fwp%2Fv2%2Fcomments&post=126"}],"version-history":[{"count":10,"href":"https:\/\/www.lsv-suedtondern.de\/index.php?rest_route=\/wp\/v2\/pages\/126\/revisions"}],"predecessor-version":[{"id":250,"href":"https:\/\/www.lsv-suedtondern.de\/index.php?rest_route=\/wp\/v2\/pages\/126\/revisions\/250"}],"wp:attachment":[{"href":"https:\/\/www.lsv-suedtondern.de\/index.php?rest_route=%2Fwp%2Fv2%2Fmedia&parent=126"}],"curies":[{"name":"wp","href":"https:\/\/api.w.org\/{rel}","templated":true}]}}